{"id":29107,"date":"2025-10-02T23:54:25","date_gmt":"2025-10-02T23:54:25","guid":{"rendered":"https:\/\/closetbella41.com.br\/?post_type=product&#038;p=29107"},"modified":"2025-10-02T23:54:25","modified_gmt":"2025-10-02T23:54:25","slug":"calca-wide-leg","status":"publish","type":"product","link":"https:\/\/closetbella41.com.br\/?product=calca-wide-leg","title":{"rendered":"Cal\u00e7a Wide  Leg"},"content":{"rendered":"<p>Este modelo de cal\u00e7a \u00e9 definido por um corte solto e amplo nas pernas, que se expande progressivamente do quadril at\u00e9 a barra.<\/p>\n","protected":false},"excerpt":{"rendered":"<p>Este modelo de cal\u00e7a \u00e9 definido por um corte solto e amplo nas pernas, que se expande progressivamente do quadril<\/p>\n","protected":false},"featured_media":29109,"comment_status":"open","ping_status":"closed","template":"","meta":[],"product_brand":[],"product_cat":[82],"product_tag":[],"class_list":{"0":"post-29107","1":"product","2":"type-product","3":"status-publish","4":"has-post-thumbnail","6":"product_cat-calcas","8":"first","9":"instock","10":"shipping-taxable","11":"purchasable","12":"product-type-simple"},"_links":{"self":[{"href":"https:\/\/closetbella41.com.br\/index.php?rest_route=\/wp\/v2\/product\/29107","targetHints":{"allow":["GET"]}}],"collection":[{"href":"https:\/\/closetbella41.com.br\/index.php?rest_route=\/wp\/v2\/product"}],"about":[{"href":"https:\/\/closetbella41.com.br\/index.php?rest_route=\/wp\/v2\/types\/product"}],"replies":[{"embeddable":true,"href":"https:\/\/closetbella41.com.br\/index.php?rest_route=%2Fwp%2Fv2%2Fcomments&post=29107"}],"version-history":[{"count":1,"href":"https:\/\/closetbella41.com.br\/index.php?rest_route=\/wp\/v2\/product\/29107\/revisions"}],"predecessor-version":[{"id":29110,"href":"https:\/\/closetbella41.com.br\/index.php?rest_route=\/wp\/v2\/product\/29107\/revisions\/29110"}],"wp:featuredmedia":[{"embeddable":true,"href":"https:\/\/closetbella41.com.br\/index.php?rest_route=\/wp\/v2\/media\/29109"}],"wp:attachment":[{"href":"https:\/\/closetbella41.com.br\/index.php?rest_route=%2Fwp%2Fv2%2Fmedia&parent=29107"}],"wp:term":[{"taxonomy":"product_brand","embeddable":true,"href":"https:\/\/closetbella41.com.br\/index.php?rest_route=%2Fwp%2Fv2%2Fproduct_brand&post=29107"},{"taxonomy":"product_cat","embeddable":true,"href":"https:\/\/closetbella41.com.br\/index.php?rest_route=%2Fwp%2Fv2%2Fproduct_cat&post=29107"},{"taxonomy":"product_tag","embeddable":true,"href":"https:\/\/closetbella41.com.br\/index.php?rest_route=%2Fwp%2Fv2%2Fproduct_tag&post=29107"}],"curies":[{"name":"wp","href":"https:\/\/api.w.org\/{rel}","templated":true}]}}